{"id":72,"date":"2022-08-26T19:55:44","date_gmt":"2022-08-26T19:55:44","guid":{"rendered":"https:\/\/ahuehuetitla.gob.mx\/?page_id=72"},"modified":"2022-08-28T16:11:26","modified_gmt":"2022-08-28T16:11:26","slug":"inicio","status":"publish","type":"page","link":"https:\/\/ahuehuetitla.gob.mx\/","title":{"rendered":"Inicio"},"content":{"rendered":"\t\t<div data-elementor-type=\"wp-post\" data-elementor-id=\"72\" class=\"elementor elementor-72\">\n\t\t\t\t\t\t\t\t\t<section class=\"elementor-section elementor-top-section elementor-element elementor-element-2a1e15f elementor-section-stretched elementor-section-boxed elementor-section-height-default elementor-section-height-default\" data-id=\"2a1e15f\" data-element_type=\"section\" data-settings=\"{&quot;background_background&quot;:&quot;classic&quot;,&quot;stretch_section&quot;:&quot;section-stretched&quot;}\">\n\t\t\t\t\t\t<div class=\"elementor-container elementor-column-gap-default\">\n\t\t\t\t\t<div class=\"elementor-column elementor-col-100 elementor-top-column elementor-element elementor-element-c9061e0\" data-id=\"c9061e0\" data-element_type=\"column\">\n\t\t\t<div class=\"elementor-widget-wrap\">\n\t\t\t\t\t\t\t\t\t<\/div>\n\t\t<\/div>\n\t\t\t\t\t\t\t<\/div>\n\t\t<\/section>\n\t\t\t\t<section class=\"elementor-section elementor-top-section elementor-element elementor-element-7598319 elementor-section-stretched elementor-section-boxed elementor-section-height-default elementor-section-height-default\" data-id=\"7598319\" data-element_type=\"section\" data-settings=\"{&quot;stretch_section&quot;:&quot;section-stretched&quot;,&quot;background_background&quot;:&quot;classic&quot;}\">\n\t\t\t\t\t\t<div class=\"elementor-container elementor-column-gap-default\">\n\t\t\t\t\t<div class=\"elementor-column elementor-col-100 elementor-top-column elementor-element elementor-element-76320cf\" data-id=\"76320cf\" data-element_type=\"column\">\n\t\t\t<div class=\"elementor-widget-wrap elementor-element-populated\">\n\t\t\t\t\t\t\t\t<div class=\"elementor-element elementor-element-14e3022 elementor-widget elementor-widget-heading\" data-id=\"14e3022\" data-element_type=\"widget\" data-widget_type=\"heading.default\">\n\t\t\t\t<div class=\"elementor-widget-container\">\n\t\t\t<style>\/*! elementor - v3.10.1 - 17-01-2023 *\/\n.elementor-heading-title{padding:0;margin:0;line-height:1}.elementor-widget-heading .elementor-heading-title[class*=elementor-size-]>a{color:inherit;font-size:inherit;line-height:inherit}.elementor-widget-heading .elementor-heading-title.elementor-size-small{font-size:15px}.elementor-widget-heading .elementor-heading-title.elementor-size-medium{font-size:19px}.elementor-widget-heading .elementor-heading-title.elementor-size-large{font-size:29px}.elementor-widget-heading .elementor-heading-title.elementor-size-xl{font-size:39px}.elementor-widget-heading .elementor-heading-title.elementor-size-xxl{font-size:59px}<\/style><h2 class=\"elementor-heading-title elementor-size-default\">Noticias<\/h2>\t\t<\/div>\n\t\t\t\t<\/div>\n\t\t\t\t<section class=\"elementor-section elementor-inner-section elementor-element elementor-element-d3c80da elementor-section-boxed elementor-section-height-default elementor-section-height-default\" data-id=\"d3c80da\" data-element_type=\"section\" data-settings=\"{&quot;background_background&quot;:&quot;classic&quot;}\">\n\t\t\t\t\t\t<div class=\"elementor-container elementor-column-gap-default\">\n\t\t\t\t\t<div class=\"elementor-column elementor-col-50 elementor-inner-column elementor-element elementor-element-271927f\" data-id=\"271927f\" data-element_type=\"column\">\n\t\t\t<div class=\"elementor-widget-wrap elementor-element-populated\">\n\t\t\t\t\t\t\t\t<div class=\"elementor-element elementor-element-0736663 elementor-widget elementor-widget-image\" data-id=\"0736663\" data-element_type=\"widget\" data-widget_type=\"image.default\">\n\t\t\t\t<div class=\"elementor-widget-container\">\n\t\t\t<style>\/*! elementor - v3.10.1 - 17-01-2023 *\/\n.elementor-widget-image{text-align:center}.elementor-widget-image a{display:inline-block}.elementor-widget-image a img[src$=\".svg\"]{width:48px}.elementor-widget-image img{vertical-align:middle;display:inline-block}<\/style>\t\t\t\t\t\t\t\t\t\t\t\t<img loading=\"lazy\" decoding=\"async\" width=\"2560\" height=\"2277\" src=\"https:\/\/ahuehuetitla.gob.mx\/wp-content\/uploads\/2022\/08\/Fondomunicipio-scaled.jpg\" class=\"attachment-full size-full wp-image-137\" alt=\"\" srcset=\"https:\/\/ahuehuetitla.gob.mx\/wp-content\/uploads\/2022\/08\/Fondomunicipio-scaled.jpg 2560w, https:\/\/ahuehuetitla.gob.mx\/wp-content\/uploads\/2022\/08\/Fondomunicipio-300x267.jpg 300w, https:\/\/ahuehuetitla.gob.mx\/wp-content\/uploads\/2022\/08\/Fondomunicipio-1024x911.jpg 1024w, https:\/\/ahuehuetitla.gob.mx\/wp-content\/uploads\/2022\/08\/Fondomunicipio-768x683.jpg 768w, https:\/\/ahuehuetitla.gob.mx\/wp-content\/uploads\/2022\/08\/Fondomunicipio-1536x1366.jpg 1536w, https:\/\/ahuehuetitla.gob.mx\/wp-content\/uploads\/2022\/08\/Fondomunicipio-2048x1821.jpg 2048w, https:\/\/ahuehuetitla.gob.mx\/wp-content\/uploads\/2022\/08\/Fondomunicipio-100x89.jpg 100w, https:\/\/ahuehuetitla.gob.mx\/wp-content\/uploads\/2022\/08\/Fondomunicipio-150x133.jpg 150w, https:\/\/ahuehuetitla.gob.mx\/wp-content\/uploads\/2022\/08\/Fondomunicipio-200x178.jpg 200w, https:\/\/ahuehuetitla.gob.mx\/wp-content\/uploads\/2022\/08\/Fondomunicipio-450x400.jpg 450w, https:\/\/ahuehuetitla.gob.mx\/wp-content\/uploads\/2022\/08\/Fondomunicipio-600x534.jpg 600w, https:\/\/ahuehuetitla.gob.mx\/wp-content\/uploads\/2022\/08\/Fondomunicipio-900x800.jpg 900w\" sizes=\"auto, (max-width: 2560px) 100vw, 2560px\" \/>\t\t\t\t\t\t\t\t\t\t\t\t\t\t\t<\/div>\n\t\t\t\t<\/div>\n\t\t\t\t\t<\/div>\n\t\t<\/div>\n\t\t\t\t<div class=\"elementor-column elementor-col-50 elementor-inner-column elementor-element elementor-element-487b437\" data-id=\"487b437\" data-element_type=\"column\">\n\t\t\t<div class=\"elementor-widget-wrap elementor-element-populated\">\n\t\t\t\t\t\t\t\t<div class=\"elementor-element elementor-element-6d1857a elementor-widget elementor-widget-heading\" data-id=\"6d1857a\" data-element_type=\"widget\" data-widget_type=\"heading.default\">\n\t\t\t\t<div class=\"elementor-widget-container\">\n\t\t\t<h2 class=\"elementor-heading-title elementor-size-default\">Historia<\/h2>\t\t<\/div>\n\t\t\t\t<\/div>\n\t\t\t\t<div class=\"elementor-element elementor-element-dc1d630 elementor-widget elementor-widget-heading\" data-id=\"dc1d630\" data-element_type=\"widget\" data-widget_type=\"heading.default\">\n\t\t\t\t<div class=\"elementor-widget-container\">\n\t\t\t<p class=\"elementor-heading-title elementor-size-default\">Su fundaci\u00f3n se remonta a la \u00e9poca prehisp\u00e1nica por grupos mixtecos; el origen de este pueblo se debe a que unos peque\u00f1os ganaderos que existieron a mediados del siglo pasado como son: Remigio Calixto G\u00f3mez, Pedro Hern\u00e1ndez Ahuatlas, Juan Cohetero Mart\u00ednez, Melquiades Calixto Rivera, Florentino Calixto, Anselmo Bravo, Felipe V\u00e1zquez y Patricio Clemente G\u00f3mez, se establecieron en este lugar, ya que hab\u00edan peque\u00f1os manantiales, en donde pod\u00edan beber agua sus animales, \u00e9stos no pod\u00edan estar en su lugar de origen, ya que en su municipio (Chinantla) el Valle era de cultivo por eso se vieron en la necesidad de emigrar fuera del centro de la poblaci\u00f3n y escogieron este lugar denominado \"Ahuehuetitla\" que perteneci\u00f3 al antiguo distrito de Acatl\u00e1n y en 1923 se constituye como municipio libre.<\/p>\t\t<\/div>\n\t\t\t\t<\/div>\n\t\t\t\t\t<\/div>\n\t\t<\/div>\n\t\t\t\t\t\t\t<\/div>\n\t\t<\/section>\n\t\t\t\t\t<\/div>\n\t\t<\/div>\n\t\t\t\t\t\t\t<\/div>\n\t\t<\/section>\n\t\t\t\t<section class=\"elementor-section elementor-top-section elementor-element elementor-element-0c42ad1 elementor-section-stretched elementor-section-boxed elementor-section-height-default elementor-section-height-default\" data-id=\"0c42ad1\" data-element_type=\"section\" data-settings=\"{&quot;stretch_section&quot;:&quot;section-stretched&quot;,&quot;background_background&quot;:&quot;classic&quot;}\">\n\t\t\t\t\t\t<div class=\"elementor-container elementor-column-gap-default\">\n\t\t\t\t\t<div class=\"elementor-column elementor-col-100 elementor-top-column elementor-element elementor-element-9ed7887\" data-id=\"9ed7887\" data-element_type=\"column\">\n\t\t\t<div class=\"elementor-widget-wrap elementor-element-populated\">\n\t\t\t\t\t\t\t\t<div class=\"elementor-element elementor-element-8dd0303 elementor-widget elementor-widget-heading\" data-id=\"8dd0303\" data-element_type=\"widget\" data-widget_type=\"heading.default\">\n\t\t\t\t<div class=\"elementor-widget-container\">\n\t\t\t<h2 class=\"elementor-heading-title elementor-size-default\">Avisos<\/h2>\t\t<\/div>\n\t\t\t\t<\/div>\n\t\t\t\t<section class=\"elementor-section elementor-inner-section elementor-element elementor-element-3f4a5a5 elementor-section-boxed elementor-section-height-default elementor-section-height-default\" data-id=\"3f4a5a5\" data-element_type=\"section\" data-settings=\"{&quot;background_background&quot;:&quot;classic&quot;}\">\n\t\t\t\t\t\t<div class=\"elementor-container elementor-column-gap-default\">\n\t\t\t\t\t<div class=\"elementor-column elementor-col-33 elementor-inner-column elementor-element elementor-element-ec0c4f3\" data-id=\"ec0c4f3\" data-element_type=\"column\">\n\t\t\t<div class=\"elementor-widget-wrap elementor-element-populated\">\n\t\t\t\t\t\t\t\t<div class=\"elementor-element elementor-element-542bb02 elementor-widget elementor-widget-image\" data-id=\"542bb02\" data-element_type=\"widget\" data-widget_type=\"image.default\">\n\t\t\t\t<div class=\"elementor-widget-container\">\n\t\t\t\t\t\t\t\t\t\t\t\t\t\t\t<img loading=\"lazy\" decoding=\"async\" width=\"2560\" height=\"2277\" src=\"https:\/\/ahuehuetitla.gob.mx\/wp-content\/uploads\/2022\/08\/Fondomunicipio-scaled.jpg\" class=\"attachment-full size-full wp-image-137\" alt=\"\" srcset=\"https:\/\/ahuehuetitla.gob.mx\/wp-content\/uploads\/2022\/08\/Fondomunicipio-scaled.jpg 2560w, https:\/\/ahuehuetitla.gob.mx\/wp-content\/uploads\/2022\/08\/Fondomunicipio-300x267.jpg 300w, https:\/\/ahuehuetitla.gob.mx\/wp-content\/uploads\/2022\/08\/Fondomunicipio-1024x911.jpg 1024w, https:\/\/ahuehuetitla.gob.mx\/wp-content\/uploads\/2022\/08\/Fondomunicipio-768x683.jpg 768w, https:\/\/ahuehuetitla.gob.mx\/wp-content\/uploads\/2022\/08\/Fondomunicipio-1536x1366.jpg 1536w, https:\/\/ahuehuetitla.gob.mx\/wp-content\/uploads\/2022\/08\/Fondomunicipio-2048x1821.jpg 2048w, https:\/\/ahuehuetitla.gob.mx\/wp-content\/uploads\/2022\/08\/Fondomunicipio-100x89.jpg 100w, https:\/\/ahuehuetitla.gob.mx\/wp-content\/uploads\/2022\/08\/Fondomunicipio-150x133.jpg 150w, https:\/\/ahuehuetitla.gob.mx\/wp-content\/uploads\/2022\/08\/Fondomunicipio-200x178.jpg 200w, https:\/\/ahuehuetitla.gob.mx\/wp-content\/uploads\/2022\/08\/Fondomunicipio-450x400.jpg 450w, https:\/\/ahuehuetitla.gob.mx\/wp-content\/uploads\/2022\/08\/Fondomunicipio-600x534.jpg 600w, https:\/\/ahuehuetitla.gob.mx\/wp-content\/uploads\/2022\/08\/Fondomunicipio-900x800.jpg 900w\" sizes=\"auto, (max-width: 2560px) 100vw, 2560px\" \/>\t\t\t\t\t\t\t\t\t\t\t\t\t\t\t<\/div>\n\t\t\t\t<\/div>\n\t\t\t\t\t<\/div>\n\t\t<\/div>\n\t\t\t\t<div class=\"elementor-column elementor-col-33 elementor-inner-column elementor-element elementor-element-eb8332d\" data-id=\"eb8332d\" data-element_type=\"column\">\n\t\t\t<div class=\"elementor-widget-wrap elementor-element-populated\">\n\t\t\t\t\t\t\t\t<div class=\"elementor-element elementor-element-7ee4aec elementor-widget elementor-widget-image\" data-id=\"7ee4aec\" data-element_type=\"widget\" data-widget_type=\"image.default\">\n\t\t\t\t<div class=\"elementor-widget-container\">\n\t\t\t\t\t\t\t\t\t\t\t\t\t\t\t<img loading=\"lazy\" decoding=\"async\" width=\"2560\" height=\"2277\" src=\"https:\/\/ahuehuetitla.gob.mx\/wp-content\/uploads\/2022\/08\/Fondomunicipio-scaled.jpg\" class=\"attachment-full size-full wp-image-137\" alt=\"\" srcset=\"https:\/\/ahuehuetitla.gob.mx\/wp-content\/uploads\/2022\/08\/Fondomunicipio-scaled.jpg 2560w, https:\/\/ahuehuetitla.gob.mx\/wp-content\/uploads\/2022\/08\/Fondomunicipio-300x267.jpg 300w, https:\/\/ahuehuetitla.gob.mx\/wp-content\/uploads\/2022\/08\/Fondomunicipio-1024x911.jpg 1024w, https:\/\/ahuehuetitla.gob.mx\/wp-content\/uploads\/2022\/08\/Fondomunicipio-768x683.jpg 768w, https:\/\/ahuehuetitla.gob.mx\/wp-content\/uploads\/2022\/08\/Fondomunicipio-1536x1366.jpg 1536w, https:\/\/ahuehuetitla.gob.mx\/wp-content\/uploads\/2022\/08\/Fondomunicipio-2048x1821.jpg 2048w, https:\/\/ahuehuetitla.gob.mx\/wp-content\/uploads\/2022\/08\/Fondomunicipio-100x89.jpg 100w, https:\/\/ahuehuetitla.gob.mx\/wp-content\/uploads\/2022\/08\/Fondomunicipio-150x133.jpg 150w, https:\/\/ahuehuetitla.gob.mx\/wp-content\/uploads\/2022\/08\/Fondomunicipio-200x178.jpg 200w, https:\/\/ahuehuetitla.gob.mx\/wp-content\/uploads\/2022\/08\/Fondomunicipio-450x400.jpg 450w, https:\/\/ahuehuetitla.gob.mx\/wp-content\/uploads\/2022\/08\/Fondomunicipio-600x534.jpg 600w, https:\/\/ahuehuetitla.gob.mx\/wp-content\/uploads\/2022\/08\/Fondomunicipio-900x800.jpg 900w\" sizes=\"auto, (max-width: 2560px) 100vw, 2560px\" \/>\t\t\t\t\t\t\t\t\t\t\t\t\t\t\t<\/div>\n\t\t\t\t<\/div>\n\t\t\t\t\t<\/div>\n\t\t<\/div>\n\t\t\t\t<div class=\"elementor-column elementor-col-33 elementor-inner-column elementor-element elementor-element-274a0ec\" data-id=\"274a0ec\" data-element_type=\"column\">\n\t\t\t<div class=\"elementor-widget-wrap elementor-element-populated\">\n\t\t\t\t\t\t\t\t<div class=\"elementor-element elementor-element-2367b5b elementor-widget elementor-widget-image\" data-id=\"2367b5b\" data-element_type=\"widget\" data-widget_type=\"image.default\">\n\t\t\t\t<div class=\"elementor-widget-container\">\n\t\t\t\t\t\t\t\t\t\t\t\t\t\t\t<img loading=\"lazy\" decoding=\"async\" width=\"2560\" height=\"2277\" src=\"https:\/\/ahuehuetitla.gob.mx\/wp-content\/uploads\/2022\/08\/Fondomunicipio-scaled.jpg\" class=\"attachment-full size-full wp-image-137\" alt=\"\" srcset=\"https:\/\/ahuehuetitla.gob.mx\/wp-content\/uploads\/2022\/08\/Fondomunicipio-scaled.jpg 2560w, https:\/\/ahuehuetitla.gob.mx\/wp-content\/uploads\/2022\/08\/Fondomunicipio-300x267.jpg 300w, https:\/\/ahuehuetitla.gob.mx\/wp-content\/uploads\/2022\/08\/Fondomunicipio-1024x911.jpg 1024w, https:\/\/ahuehuetitla.gob.mx\/wp-content\/uploads\/2022\/08\/Fondomunicipio-768x683.jpg 768w, https:\/\/ahuehuetitla.gob.mx\/wp-content\/uploads\/2022\/08\/Fondomunicipio-1536x1366.jpg 1536w, https:\/\/ahuehuetitla.gob.mx\/wp-content\/uploads\/2022\/08\/Fondomunicipio-2048x1821.jpg 2048w, https:\/\/ahuehuetitla.gob.mx\/wp-content\/uploads\/2022\/08\/Fondomunicipio-100x89.jpg 100w, https:\/\/ahuehuetitla.gob.mx\/wp-content\/uploads\/2022\/08\/Fondomunicipio-150x133.jpg 150w, https:\/\/ahuehuetitla.gob.mx\/wp-content\/uploads\/2022\/08\/Fondomunicipio-200x178.jpg 200w, https:\/\/ahuehuetitla.gob.mx\/wp-content\/uploads\/2022\/08\/Fondomunicipio-450x400.jpg 450w, https:\/\/ahuehuetitla.gob.mx\/wp-content\/uploads\/2022\/08\/Fondomunicipio-600x534.jpg 600w, https:\/\/ahuehuetitla.gob.mx\/wp-content\/uploads\/2022\/08\/Fondomunicipio-900x800.jpg 900w\" sizes=\"auto, (max-width: 2560px) 100vw, 2560px\" \/>\t\t\t\t\t\t\t\t\t\t\t\t\t\t\t<\/div>\n\t\t\t\t<\/div>\n\t\t\t\t\t<\/div>\n\t\t<\/div>\n\t\t\t\t\t\t\t<\/div>\n\t\t<\/section>\n\t\t\t\t\t<\/div>\n\t\t<\/div>\n\t\t\t\t\t\t\t<\/div>\n\t\t<\/section>\n\t\t\t\t<section class=\"elementor-section elementor-top-section elementor-element elementor-element-c035b8e elementor-section-stretched elementor-section-boxed elementor-section-height-default elementor-section-height-default\" data-id=\"c035b8e\" data-element_type=\"section\" data-settings=\"{&quot;background_background&quot;:&quot;classic&quot;,&quot;stretch_section&quot;:&quot;section-stretched&quot;}\">\n\t\t\t\t\t\t<div class=\"elementor-container elementor-column-gap-default\">\n\t\t\t\t\t<div class=\"elementor-column elementor-col-100 elementor-top-column elementor-element elementor-element-5016c49\" data-id=\"5016c49\" data-element_type=\"column\">\n\t\t\t<div class=\"elementor-widget-wrap elementor-element-populated\">\n\t\t\t\t\t\t\t\t<section class=\"elementor-section elementor-inner-section elementor-element elementor-element-4754cda elementor-section-boxed elementor-section-height-default elementor-section-height-default\" data-id=\"4754cda\" data-element_type=\"section\">\n\t\t\t\t\t\t<div class=\"elementor-container elementor-column-gap-default\">\n\t\t\t\t\t<div class=\"elementor-column elementor-col-33 elementor-inner-column elementor-element elementor-element-9a755a3\" data-id=\"9a755a3\" data-element_type=\"column\">\n\t\t\t<div class=\"elementor-widget-wrap elementor-element-populated\">\n\t\t\t\t\t\t\t\t<div class=\"elementor-element elementor-element-1cceaf7 elementor-widget elementor-widget-heading\" data-id=\"1cceaf7\" data-element_type=\"widget\" data-widget_type=\"heading.default\">\n\t\t\t\t<div class=\"elementor-widget-container\">\n\t\t\t<h2 class=\"elementor-heading-title elementor-size-default\">Eventos<\/h2>\t\t<\/div>\n\t\t\t\t<\/div>\n\t\t\t\t\t<\/div>\n\t\t<\/div>\n\t\t\t\t<div class=\"elementor-column elementor-col-33 elementor-inner-column elementor-element elementor-element-06713d1\" data-id=\"06713d1\" data-element_type=\"column\">\n\t\t\t<div class=\"elementor-widget-wrap elementor-element-populated\">\n\t\t\t\t\t\t\t\t<div class=\"elementor-element elementor-element-46e1567 elementor-widget elementor-widget-image\" data-id=\"46e1567\" data-element_type=\"widget\" data-widget_type=\"image.default\">\n\t\t\t\t<div class=\"elementor-widget-container\">\n\t\t\t\t\t\t\t\t\t\t\t\t\t\t\t<img loading=\"lazy\" decoding=\"async\" width=\"605\" height=\"538\" src=\"https:\/\/ahuehuetitla.gob.mx\/wp-content\/uploads\/2022\/08\/Fondomunicipio-1024x911.jpg\" class=\"attachment-large size-large wp-image-137\" alt=\"\" srcset=\"https:\/\/ahuehuetitla.gob.mx\/wp-content\/uploads\/2022\/08\/Fondomunicipio-1024x911.jpg 1024w, https:\/\/ahuehuetitla.gob.mx\/wp-content\/uploads\/2022\/08\/Fondomunicipio-300x267.jpg 300w, https:\/\/ahuehuetitla.gob.mx\/wp-content\/uploads\/2022\/08\/Fondomunicipio-768x683.jpg 768w, https:\/\/ahuehuetitla.gob.mx\/wp-content\/uploads\/2022\/08\/Fondomunicipio-1536x1366.jpg 1536w, https:\/\/ahuehuetitla.gob.mx\/wp-content\/uploads\/2022\/08\/Fondomunicipio-2048x1821.jpg 2048w, https:\/\/ahuehuetitla.gob.mx\/wp-content\/uploads\/2022\/08\/Fondomunicipio-100x89.jpg 100w, https:\/\/ahuehuetitla.gob.mx\/wp-content\/uploads\/2022\/08\/Fondomunicipio-150x133.jpg 150w, https:\/\/ahuehuetitla.gob.mx\/wp-content\/uploads\/2022\/08\/Fondomunicipio-200x178.jpg 200w, https:\/\/ahuehuetitla.gob.mx\/wp-content\/uploads\/2022\/08\/Fondomunicipio-450x400.jpg 450w, https:\/\/ahuehuetitla.gob.mx\/wp-content\/uploads\/2022\/08\/Fondomunicipio-600x534.jpg 600w, https:\/\/ahuehuetitla.gob.mx\/wp-content\/uploads\/2022\/08\/Fondomunicipio-900x800.jpg 900w\" sizes=\"auto, (max-width: 605px) 100vw, 605px\" \/>\t\t\t\t\t\t\t\t\t\t\t\t\t\t\t<\/div>\n\t\t\t\t<\/div>\n\t\t\t\t\t<\/div>\n\t\t<\/div>\n\t\t\t\t<div class=\"elementor-column elementor-col-33 elementor-inner-column elementor-element elementor-element-270089b\" data-id=\"270089b\" data-element_type=\"column\">\n\t\t\t<div class=\"elementor-widget-wrap elementor-element-populated\">\n\t\t\t\t\t\t\t\t<div class=\"elementor-element elementor-element-d0c0737 elementor-widget elementor-widget-image\" data-id=\"d0c0737\" data-element_type=\"widget\" data-widget_type=\"image.default\">\n\t\t\t\t<div class=\"elementor-widget-container\">\n\t\t\t\t\t\t\t\t\t\t\t\t\t\t\t<img loading=\"lazy\" decoding=\"async\" width=\"605\" height=\"538\" src=\"https:\/\/ahuehuetitla.gob.mx\/wp-content\/uploads\/2022\/08\/Fondomunicipio-1024x911.jpg\" class=\"attachment-large size-large wp-image-137\" alt=\"\" srcset=\"https:\/\/ahuehuetitla.gob.mx\/wp-content\/uploads\/2022\/08\/Fondomunicipio-1024x911.jpg 1024w, https:\/\/ahuehuetitla.gob.mx\/wp-content\/uploads\/2022\/08\/Fondomunicipio-300x267.jpg 300w, https:\/\/ahuehuetitla.gob.mx\/wp-content\/uploads\/2022\/08\/Fondomunicipio-768x683.jpg 768w, https:\/\/ahuehuetitla.gob.mx\/wp-content\/uploads\/2022\/08\/Fondomunicipio-1536x1366.jpg 1536w, https:\/\/ahuehuetitla.gob.mx\/wp-content\/uploads\/2022\/08\/Fondomunicipio-2048x1821.jpg 2048w, https:\/\/ahuehuetitla.gob.mx\/wp-content\/uploads\/2022\/08\/Fondomunicipio-100x89.jpg 100w, https:\/\/ahuehuetitla.gob.mx\/wp-content\/uploads\/2022\/08\/Fondomunicipio-150x133.jpg 150w, https:\/\/ahuehuetitla.gob.mx\/wp-content\/uploads\/2022\/08\/Fondomunicipio-200x178.jpg 200w, https:\/\/ahuehuetitla.gob.mx\/wp-content\/uploads\/2022\/08\/Fondomunicipio-450x400.jpg 450w, https:\/\/ahuehuetitla.gob.mx\/wp-content\/uploads\/2022\/08\/Fondomunicipio-600x534.jpg 600w, https:\/\/ahuehuetitla.gob.mx\/wp-content\/uploads\/2022\/08\/Fondomunicipio-900x800.jpg 900w\" sizes=\"auto, (max-width: 605px) 100vw, 605px\" \/>\t\t\t\t\t\t\t\t\t\t\t\t\t\t\t<\/div>\n\t\t\t\t<\/div>\n\t\t\t\t\t<\/div>\n\t\t<\/div>\n\t\t\t\t\t\t\t<\/div>\n\t\t<\/section>\n\t\t\t\t\t<\/div>\n\t\t<\/div>\n\t\t\t\t\t\t\t<\/div>\n\t\t<\/section>\n\t\t\t\t\t\t\t<\/div>\n\t\t","protected":false},"excerpt":{"rendered":"<p>Elegant Decor Services Lorem Ipsum has been the industry&#8217;s standard dummy text ever since the, when an unknown printer took a galley of type and scrambled it to make a type specimen book. Read More Our Services 01 Living Room &hellip;<\/p>\n<p class=\"read-more\"> <a class=\"more-link\" href=\"https:\/\/ccreadysites.cyberchimps.com\/interior-design\/\"> <span class=\"screen-reader-text\">Home<\/span> Read More &raquo;<\/a><\/p>\n<div class=\"read-more\"><a href=\"https:\/\/ahuehuetitla.gob.mx\/\">Leer m\u00e1s \u203a<\/a><\/div>\n<p><!-- end of .read-more --><\/p>\n","protected":false},"author":1,"featured_media":0,"parent":0,"menu_order":0,"comment_status":"closed","ping_status":"closed","template":"elementor_header_footer","meta":{"footnotes":""},"class_list":["post-72","page","type-page","status-publish","hentry"],"_links":{"self":[{"href":"https:\/\/ahuehuetitla.gob.mx\/index.php?rest_route=\/wp\/v2\/pages\/72","targetHints":{"allow":["GET"]}}],"collection":[{"href":"https:\/\/ahuehuetitla.gob.mx\/index.php?rest_route=\/wp\/v2\/pages"}],"about":[{"href":"https:\/\/ahuehuetitla.gob.mx\/index.php?rest_route=\/wp\/v2\/types\/page"}],"author":[{"embeddable":true,"href":"https:\/\/ahuehuetitla.gob.mx\/index.php?rest_route=\/wp\/v2\/users\/1"}],"replies":[{"embeddable":true,"href":"https:\/\/ahuehuetitla.gob.mx\/index.php?rest_route=%2Fwp%2Fv2%2Fcomments&post=72"}],"version-history":[{"count":13,"href":"https:\/\/ahuehuetitla.gob.mx\/index.php?rest_route=\/wp\/v2\/pages\/72\/revisions"}],"predecessor-version":[{"id":145,"href":"https:\/\/ahuehuetitla.gob.mx\/index.php?rest_route=\/wp\/v2\/pages\/72\/revisions\/145"}],"wp:attachment":[{"href":"https:\/\/ahuehuetitla.gob.mx\/index.php?rest_route=%2Fwp%2Fv2%2Fmedia&parent=72"}],"curies":[{"name":"wp","href":"https:\/\/api.w.org\/{rel}","templated":true}]}}